{"id":1644,"date":"2022-09-08T22:25:06","date_gmt":"2022-09-08T22:25:06","guid":{"rendered":"https:\/\/65newstreet.eu\/?page_id=1644"},"modified":"2023-05-21T02:47:09","modified_gmt":"2023-05-21T00:47:09","slug":"cookie-policy","status":"publish","type":"page","link":"https:\/\/65newstreet.eu\/it\/cookie-policy\/","title":{"rendered":"Informativa sui cookie"},"content":{"rendered":"<div data-elementor-type=\"wp-page\" data-elementor-id=\"1644\" class=\"elementor elementor-1644\">\n\t\t\t\t\t\t<section class=\"elementor-section elementor-top-section elementor-element elementor-element-29894fab elementor-section-height-min-height elementor-section-items-stretch elementor-section-boxed elementor-section-height-default\" data-id=\"29894fab\" data-element_type=\"section\" data-e-type=\"section\">\n\t\t\t\t\t\t<div class=\"elementor-container elementor-column-gap-default\">\n\t\t\t\t\t<div class=\"elementor-column elementor-col-50 elementor-top-column elementor-element elementor-element-f091d9\" data-id=\"f091d9\" data-element_type=\"column\" data-e-type=\"column\" data-settings=\"{&quot;background_background&quot;:&quot;classic&quot;}\">\n\t\t\t<div class=\"elementor-widget-wrap elementor-element-populated\">\n\t\t\t\t\t\t<div class=\"elementor-element elementor-element-5c3269de elementor-widget elementor-widget-spacer\" data-id=\"5c3269de\" data-element_type=\"widget\" data-e-type=\"widget\" data-widget_type=\"spacer.default\">\n\t\t\t\t<div class=\"elementor-widget-container\">\n\t\t\t\t\t\t\t<div class=\"elementor-spacer\">\n\t\t\t<div class=\"elementor-spacer-inner\"><\/div>\n\t\t<\/div>\n\t\t\t\t\t\t<\/div>\n\t\t\t\t<\/div>\n\t\t\t\t\t<\/div>\n\t\t<\/div>\n\t\t\t\t<div class=\"elementor-column elementor-col-50 elementor-top-column elementor-element elementor-element-3eb87461\" data-id=\"3eb87461\" data-element_type=\"column\" data-e-type=\"column\">\n\t\t\t<div class=\"elementor-widget-wrap elementor-element-populated\">\n\t\t\t\t\t\t<div class=\"elementor-element elementor-element-3dae791f elementor-widget elementor-widget-heading\" data-id=\"3dae791f\" data-element_type=\"widget\" data-e-type=\"widget\" data-widget_type=\"heading.default\">\n\t\t\t\t<div class=\"elementor-widget-container\">\n\t\t\t\t\t<h1 class=\"elementor-heading-title elementor-size-default\">Informativa sui cookie<\/h1>\t\t\t\t<\/div>\n\t\t\t\t<\/div>\n\t\t\t\t<div class=\"elementor-element elementor-element-9c8a23b elementor-widget-divider--view-line elementor-widget elementor-widget-divider\" data-id=\"9c8a23b\" data-element_type=\"widget\" data-e-type=\"widget\" data-widget_type=\"divider.default\">\n\t\t\t\t<div class=\"elementor-widget-container\">\n\t\t\t\t\t\t\t<div class=\"elementor-divider\">\n\t\t\t<span class=\"elementor-divider-separator\">\n\t\t\t\t\t\t<\/span>\n\t\t<\/div>\n\t\t\t\t\t\t<\/div>\n\t\t\t\t<\/div>\n\t\t\t\t<div class=\"elementor-element elementor-element-26fd8e3 elementor-widget elementor-widget-text-editor\" data-id=\"26fd8e3\" data-element_type=\"widget\" data-e-type=\"widget\" data-widget_type=\"text-editor.default\">\n\t\t\t\t<div class=\"elementor-widget-container\">\n\t\t\t\t\t\t\t\t\t<p>65 New Street Holiday Apartments si impegna ad essere completamente trasparente. Questa politica sui cookie vi fornisce le informazioni necessarie sull'uso dei cookie quando visitate questo sito web. Ci impegniamo a non raccogliere alcuna informazione personale su di voi come visitatori, a meno che non la forniate volontariamente attraverso i moduli online.<\/p><h3>Che cos'\u00e8 un Cookie?<\/h3><p>Un cookie \u00e8 una piccola porzione di dati che un sito web chiede al browser di memorizzare come stringhe di testo sul disco rigido del computer. Si tratta di file innocui che aiutano a migliorare l'esperienza dell'utente su un sito web. Tutti i cookie hanno una data di scadenza che determina la durata della loro permanenza sul browser. In genere, i cookie possono essere rimossi automaticamente allo scadere della data di scadenza oppure possono essere eliminati manualmente dall'utente.<\/p><h3>Quali tipi di cookie utilizza questo sito web?<\/h3><p>Questo sito web utilizza i seguenti due diversi tipi di cookie:<\/p><p>1. Cookie di sessione: si tratta di cookie temporanei utilizzati per consentire l'accesso ai contenuti del sito. Questi tipi di cookie scadono e vengono eliminati non appena si chiude il browser.<\/p><p>2. Cookie di terze parti limitati: questi cookie sono impostati da entit\u00e0 diverse da noi direttamente e possono essere temporanei o persistenti. L'uso di cookie di terze parti su questo sito web \u00e8 limitato ed \u00e8 consentito solo per garantire il corretto funzionamento del sito web.<\/p><p>Utilizziamo WordPress come piattaforma del nostro sito web, Beds24.com come motore di prenotazione e Stripe come gateway di pagamento.\u00a0<span style=\"font-size: 14px;\">WordPress, Bed24 e Stripe utilizzano i cookie.<\/span><\/p><ul><li>Per capire quali cookie possono essere utilizzati da WordPress quando visitate il nostro sito, consultate il sito: https:\/\/wordpress.org\/support\/article\/cookies\/.<\/li><li>Per capire quali cookie possono essere utilizzati da Beds24.com quando si utilizza la nostra funzionalit\u00e0 di prenotazione, consultare il sito: https:\/\/www.beds24.com\/privacypolicy.html.<\/li><li>Per capire quali cookie possono essere utilizzati da Stripe quando si effettua un pagamento, visitare il sito: https:\/\/stripe.com\/en-gb-mt\/legal\/cookies-policy.<\/li><\/ul><h3>Come posso cancellare o disabilitare i cookie?<\/h3><p>\u00c8 possibile configurare manualmente il browser in modo da rifiutare tutti i cookie o controllare quali cookie vengono impostati sul dispositivo, ma \u00e8 bene tenere presente che la disabilitazione dei cookie pu\u00f2 compromettere la funzionalit\u00e0 di questo sito web. Per informazioni generali sui cookie e su come disabilitarli, visitare il sito http:\/\/www.allaboutcookies.org\/manage-cookies\/.<\/p><p><span style=\"color: #666666; font-family: Muli, sans-serif; font-size: 15px; font-style: normal; font-variant-ligatures: normal; font-variant-caps: normal; font-weight: 400;\">Utilizzando il nostro sito web, l'utente acconsente al nostro utilizzo dei cookie come descritto sopra nella nostra politica sui cookie.<\/span><\/p>\t\t\t\t\t\t\t\t<\/div>\n\t\t\t\t<\/div>\n\t\t\t\t\t<\/div>\n\t\t<\/div>\n\t\t\t\t\t<\/div>\n\t\t<\/section>\n\t\t\t\t<section class=\"elementor-section elementor-top-section elementor-element elementor-element-d70644d elementor-section-boxed elementor-section-height-default elementor-section-height-default\" data-id=\"d70644d\" data-element_type=\"section\" data-e-type=\"section\">\n\t\t\t\t\t\t<div class=\"elementor-container elementor-column-gap-default\">\n\t\t\t\t\t<div class=\"elementor-column elementor-col-100 elementor-top-column elementor-element elementor-element-91f5864\" data-id=\"91f5864\" data-element_type=\"column\" data-e-type=\"column\">\n\t\t\t<div class=\"elementor-widget-wrap elementor-element-populated\">\n\t\t\t\t\t\t<div class=\"elementor-element elementor-element-f53c254 elementor-widget elementor-widget-html\" data-id=\"f53c254\" data-element_type=\"widget\" data-e-type=\"widget\" data-widget_type=\"html.default\">\n\t\t\t\t<div class=\"elementor-widget-container\">\n\t\t\t\t\t<div style=\"text-align:center\">\u00a9 65 New Street Holiday Apartments | <a href=\"https:\/\/65newstreet.eu\/it\/\">Homepage<\/a> | <a href=\"https:\/\/65newstreet.eu\/it\/privacy-policy\/\">Informativa sulla privacy<\/a> | <a href=\"https:\/\/65newstreet.eu\/it\/cookie-policy\/\">Informativa sui cookie<\/a><div style=\"text-align:center\">\t\t\t\t<\/div>\n\t\t\t\t<\/div>\n\t\t\t\t\t<\/div>\n\t\t<\/div>\n\t\t\t\t\t<\/div>\n\t\t<\/section>\n\t\t\t\t<\/div>","protected":false},"excerpt":{"rendered":"<p>Cookie Policy 65 New Street Holiday Apartments is committed to be fully transparent. This cookie policy provides you with the necessary information about the use of cookies when you visit this website. We strive not to collect any personal information about you as a visitor unless you provide it voluntarily through online forms. What is [&hellip;]<\/p>\n","protected":false},"author":1,"featured_media":0,"parent":0,"menu_order":0,"comment_status":"closed","ping_status":"closed","template":"","meta":{"ocean_post_layout":"full-screen","ocean_both_sidebars_style":"","ocean_both_sidebars_content_width":0,"ocean_both_sidebars_sidebars_width":0,"ocean_sidebar":"0","ocean_second_sidebar":"0","ocean_disable_margins":"enable","ocean_add_body_class":"","ocean_shortcode_before_top_bar":"","ocean_shortcode_after_top_bar":"","ocean_shortcode_before_header":"","ocean_shortcode_after_header":"","ocean_has_shortcode":"","ocean_shortcode_after_title":"","ocean_shortcode_before_footer_widgets":"","ocean_shortcode_after_footer_widgets":"","ocean_shortcode_before_footer_bottom":"","ocean_shortcode_after_footer_bottom":"","ocean_display_top_bar":"default","ocean_display_header":"default","ocean_header_style":"","ocean_center_header_left_menu":"0","ocean_custom_header_template":"0","ocean_custom_logo":0,"ocean_custom_retina_logo":0,"ocean_custom_logo_max_width":0,"ocean_custom_logo_tablet_max_width":0,"ocean_custom_logo_mobile_max_width":0,"ocean_custom_logo_max_height":0,"ocean_custom_logo_tablet_max_height":0,"ocean_custom_logo_mobile_max_height":0,"ocean_header_custom_menu":"0","ocean_menu_typo_font_family":"0","ocean_menu_typo_font_subset":"","ocean_menu_typo_font_size":0,"ocean_menu_typo_font_size_tablet":0,"ocean_menu_typo_font_size_mobile":0,"ocean_menu_typo_font_size_unit":"px","ocean_menu_typo_font_weight":"","ocean_menu_typo_font_weight_tablet":"","ocean_menu_typo_font_weight_mobile":"","ocean_menu_typo_transform":"","ocean_menu_typo_transform_tablet":"","ocean_menu_typo_transform_mobile":"","ocean_menu_typo_line_height":0,"ocean_menu_typo_line_height_tablet":0,"ocean_menu_typo_line_height_mobile":0,"ocean_menu_typo_line_height_unit":"","ocean_menu_typo_spacing":0,"ocean_menu_typo_spacing_tablet":0,"ocean_menu_typo_spacing_mobile":0,"ocean_menu_typo_spacing_unit":"","ocean_menu_link_color":"","ocean_menu_link_color_hover":"","ocean_menu_link_color_active":"","ocean_menu_link_background":"","ocean_menu_link_hover_background":"","ocean_menu_link_active_background":"","ocean_menu_social_links_bg":"","ocean_menu_social_hover_links_bg":"","ocean_menu_social_links_color":"","ocean_menu_social_hover_links_color":"","ocean_disable_title":"on","ocean_disable_heading":"default","ocean_post_title":"","ocean_post_subheading":"","ocean_post_title_style":"","ocean_post_title_background_color":"","ocean_post_title_background":0,"ocean_post_title_bg_image_position":"","ocean_post_title_bg_image_attachment":"","ocean_post_title_bg_image_repeat":"","ocean_post_title_bg_image_size":"","ocean_post_title_height":0,"ocean_post_title_bg_overlay":0.5,"ocean_post_title_bg_overlay_color":"","ocean_disable_breadcrumbs":"default","ocean_breadcrumbs_color":"","ocean_breadcrumbs_separator_color":"","ocean_breadcrumbs_links_color":"","ocean_breadcrumbs_links_hover_color":"","ocean_display_footer_widgets":"off","ocean_display_footer_bottom":"off","ocean_custom_footer_template":"0","footnotes":""},"class_list":["post-1644","page","type-page","status-publish","hentry","entry"],"yoast_head":"<!-- This site is optimized with the Yoast SEO plugin v27.3 - https:\/\/yoast.com\/product\/yoast-seo-wordpress\/ -->\n<title>Cookie Policy | 65 New Street Holiday Apartments<\/title>\n<meta name=\"description\" content=\"Cookie Policy of 65 New Street Holiday Apartments. Provides you with information about the use of cookies when you visit this website.\" \/>\n<meta name=\"robots\" content=\"index, follow, max-snippet:-1, max-image-preview:large, max-video-preview:-1\" \/>\n<link rel=\"canonical\" href=\"https:\/\/65newstreet.eu\/it\/cookie-policy\/\" \/>\n<meta property=\"og:locale\" content=\"it_IT\" \/>\n<meta property=\"og:type\" content=\"article\" \/>\n<meta property=\"og:title\" content=\"Cookie Policy | 65 New Street Holiday Apartments\" \/>\n<meta property=\"og:description\" content=\"Cookie Policy of 65 New Street Holiday Apartments. Provides you with information about the use of cookies when you visit this website.\" \/>\n<meta property=\"og:url\" content=\"https:\/\/65newstreet.eu\/it\/cookie-policy\/\" \/>\n<meta property=\"og:site_name\" content=\"65 New Street Holiday Apartments\" \/>\n<meta property=\"article:modified_time\" content=\"2023-05-21T00:47:09+00:00\" \/>\n<meta name=\"twitter:card\" content=\"summary_large_image\" \/>\n<meta name=\"twitter:label1\" content=\"Tempo di lettura stimato\" \/>\n\t<meta name=\"twitter:data1\" content=\"2 minuti\" \/>\n<script type=\"application\/ld+json\" class=\"yoast-schema-graph\">{\"@context\":\"https:\\\/\\\/schema.org\",\"@graph\":[{\"@type\":\"WebPage\",\"@id\":\"https:\\\/\\\/65newstreet.eu\\\/cookie-policy\\\/\",\"url\":\"https:\\\/\\\/65newstreet.eu\\\/cookie-policy\\\/\",\"name\":\"Cookie Policy | 65 New Street Holiday Apartments\",\"isPartOf\":{\"@id\":\"https:\\\/\\\/65newstreet.eu\\\/#website\"},\"datePublished\":\"2022-09-08T22:25:06+00:00\",\"dateModified\":\"2023-05-21T00:47:09+00:00\",\"description\":\"Cookie Policy of 65 New Street Holiday Apartments. Provides you with information about the use of cookies when you visit this website.\",\"breadcrumb\":{\"@id\":\"https:\\\/\\\/65newstreet.eu\\\/cookie-policy\\\/#breadcrumb\"},\"inLanguage\":\"it-IT\",\"potentialAction\":[{\"@type\":\"ReadAction\",\"target\":[\"https:\\\/\\\/65newstreet.eu\\\/cookie-policy\\\/\"]}]},{\"@type\":\"BreadcrumbList\",\"@id\":\"https:\\\/\\\/65newstreet.eu\\\/cookie-policy\\\/#breadcrumb\",\"itemListElement\":[{\"@type\":\"ListItem\",\"position\":1,\"name\":\"Home\",\"item\":\"https:\\\/\\\/65newstreet.eu\\\/\"},{\"@type\":\"ListItem\",\"position\":2,\"name\":\"Cookie Policy\"}]},{\"@type\":\"WebSite\",\"@id\":\"https:\\\/\\\/65newstreet.eu\\\/#website\",\"url\":\"https:\\\/\\\/65newstreet.eu\\\/\",\"name\":\"65 New Street Holiday Apartments\",\"description\":\"Apartments for short lets in Luqa Malta\",\"publisher\":{\"@id\":\"https:\\\/\\\/65newstreet.eu\\\/#organization\"},\"potentialAction\":[{\"@type\":\"SearchAction\",\"target\":{\"@type\":\"EntryPoint\",\"urlTemplate\":\"https:\\\/\\\/65newstreet.eu\\\/?s={search_term_string}\"},\"query-input\":{\"@type\":\"PropertyValueSpecification\",\"valueRequired\":true,\"valueName\":\"search_term_string\"}}],\"inLanguage\":\"it-IT\"},{\"@type\":\"Organization\",\"@id\":\"https:\\\/\\\/65newstreet.eu\\\/#organization\",\"name\":\"65 New Street Holiday Apartments\",\"url\":\"https:\\\/\\\/65newstreet.eu\\\/\",\"logo\":{\"@type\":\"ImageObject\",\"inLanguage\":\"it-IT\",\"@id\":\"https:\\\/\\\/65newstreet.eu\\\/#\\\/schema\\\/logo\\\/image\\\/\",\"url\":\"https:\\\/\\\/65newstreet.eu\\\/wp-content\\\/uploads\\\/2022\\\/11\\\/cropped-Favicon.png\",\"contentUrl\":\"https:\\\/\\\/65newstreet.eu\\\/wp-content\\\/uploads\\\/2022\\\/11\\\/cropped-Favicon.png\",\"width\":512,\"height\":512,\"caption\":\"65 New Street Holiday Apartments\"},\"image\":{\"@id\":\"https:\\\/\\\/65newstreet.eu\\\/#\\\/schema\\\/logo\\\/image\\\/\"}}]}<\/script>\n<!-- \/ Yoast SEO plugin. -->","yoast_head_json":{"title":"Cookie Policy | 65 New Street Holiday Apartments","description":"Cookie Policy of 65 New Street Holiday Apartments. Provides you with information about the use of cookies when you visit this website.","robots":{"index":"index","follow":"follow","max-snippet":"max-snippet:-1","max-image-preview":"max-image-preview:large","max-video-preview":"max-video-preview:-1"},"canonical":"https:\/\/65newstreet.eu\/it\/cookie-policy\/","og_locale":"it_IT","og_type":"article","og_title":"Cookie Policy | 65 New Street Holiday Apartments","og_description":"Cookie Policy of 65 New Street Holiday Apartments. Provides you with information about the use of cookies when you visit this website.","og_url":"https:\/\/65newstreet.eu\/it\/cookie-policy\/","og_site_name":"65 New Street Holiday Apartments","article_modified_time":"2023-05-21T00:47:09+00:00","twitter_card":"summary_large_image","twitter_misc":{"Tempo di lettura stimato":"2 minuti"},"schema":{"@context":"https:\/\/schema.org","@graph":[{"@type":"WebPage","@id":"https:\/\/65newstreet.eu\/cookie-policy\/","url":"https:\/\/65newstreet.eu\/cookie-policy\/","name":"Cookie Policy | 65 New Street Holiday Apartments","isPartOf":{"@id":"https:\/\/65newstreet.eu\/#website"},"datePublished":"2022-09-08T22:25:06+00:00","dateModified":"2023-05-21T00:47:09+00:00","description":"Cookie Policy of 65 New Street Holiday Apartments. Provides you with information about the use of cookies when you visit this website.","breadcrumb":{"@id":"https:\/\/65newstreet.eu\/cookie-policy\/#breadcrumb"},"inLanguage":"it-IT","potentialAction":[{"@type":"ReadAction","target":["https:\/\/65newstreet.eu\/cookie-policy\/"]}]},{"@type":"BreadcrumbList","@id":"https:\/\/65newstreet.eu\/cookie-policy\/#breadcrumb","itemListElement":[{"@type":"ListItem","position":1,"name":"Home","item":"https:\/\/65newstreet.eu\/"},{"@type":"ListItem","position":2,"name":"Cookie Policy"}]},{"@type":"WebSite","@id":"https:\/\/65newstreet.eu\/#website","url":"https:\/\/65newstreet.eu\/","name":"65 New Street Holiday Apartments","description":"Apartments for short lets in Luqa Malta","publisher":{"@id":"https:\/\/65newstreet.eu\/#organization"},"potentialAction":[{"@type":"SearchAction","target":{"@type":"EntryPoint","urlTemplate":"https:\/\/65newstreet.eu\/?s={search_term_string}"},"query-input":{"@type":"PropertyValueSpecification","valueRequired":true,"valueName":"search_term_string"}}],"inLanguage":"it-IT"},{"@type":"Organization","@id":"https:\/\/65newstreet.eu\/#organization","name":"65 New Street Holiday Apartments","url":"https:\/\/65newstreet.eu\/","logo":{"@type":"ImageObject","inLanguage":"it-IT","@id":"https:\/\/65newstreet.eu\/#\/schema\/logo\/image\/","url":"https:\/\/65newstreet.eu\/wp-content\/uploads\/2022\/11\/cropped-Favicon.png","contentUrl":"https:\/\/65newstreet.eu\/wp-content\/uploads\/2022\/11\/cropped-Favicon.png","width":512,"height":512,"caption":"65 New Street Holiday Apartments"},"image":{"@id":"https:\/\/65newstreet.eu\/#\/schema\/logo\/image\/"}}]}},"_links":{"self":[{"href":"https:\/\/65newstreet.eu\/it\/wp-json\/wp\/v2\/pages\/1644","targetHints":{"allow":["GET"]}}],"collection":[{"href":"https:\/\/65newstreet.eu\/it\/wp-json\/wp\/v2\/pages"}],"about":[{"href":"https:\/\/65newstreet.eu\/it\/wp-json\/wp\/v2\/types\/page"}],"author":[{"embeddable":true,"href":"https:\/\/65newstreet.eu\/it\/wp-json\/wp\/v2\/users\/1"}],"replies":[{"embeddable":true,"href":"https:\/\/65newstreet.eu\/it\/wp-json\/wp\/v2\/comments?post=1644"}],"version-history":[{"count":5,"href":"https:\/\/65newstreet.eu\/it\/wp-json\/wp\/v2\/pages\/1644\/revisions"}],"predecessor-version":[{"id":1940,"href":"https:\/\/65newstreet.eu\/it\/wp-json\/wp\/v2\/pages\/1644\/revisions\/1940"}],"wp:attachment":[{"href":"https:\/\/65newstreet.eu\/it\/wp-json\/wp\/v2\/media?parent=1644"}],"curies":[{"name":"wp","href":"https:\/\/api.w.org\/{rel}","templated":true}]}}